{"id":1869,"date":"2016-07-22T14:41:58","date_gmt":"2016-07-22T12:41:58","guid":{"rendered":"http:\/\/www.enjoy-ischgl.at\/?page_id=1869&#038;lang=en"},"modified":"2017-10-07T17:14:29","modified_gmt":"2017-10-07T15:14:29","slug":"imprint","status":"publish","type":"page","link":"https:\/\/www.enjoy-ischgl.at\/en\/imprint\/","title":{"rendered":"Imprint"},"content":{"rendered":"<p>[et_pb_section admin_label=&#8221;section&#8221;][et_pb_row admin_label=&#8221;row&#8221;][et_pb_column type=&#8221;1_2&#8243;][et_pb_text admin_label=&#8221;Text&#8221; background_layout=&#8221;light&#8221; text_orientation=&#8221;left&#8221; use_border_color=&#8221;off&#8221; border_color=&#8221;#ffffff&#8221; border_style=&#8221;solid&#8221;]<\/p>\n<h4>enjoy ischgl****<\/h4>\n<p>Fam. Pfeifer<br \/>\nWaldhofweg\u00a014<br \/>\n6561 Ischgl \/\u00a0Austria<\/p>\n<p>[\/et_pb_text][et_pb_text admin_label=&#8221;Text&#8221; background_layout=&#8221;light&#8221; text_orientation=&#8221;left&#8221; use_border_color=&#8221;off&#8221; border_color=&#8221;#ffffff&#8221; border_style=&#8221;solid&#8221;]<\/p>\n<h4>Contact<\/h4>\n<p>Web: <a href=\"https:\/\/www.enjoy-ischgl.at\">www.enjoy-ischgl.at<\/a><br \/>\nMail: <a href=\"mailto:info@enjoy-ischgl.at\">info@enjoy-ischgl.at<\/a><br \/>\nTel.: + 43\u00a05444 51251<\/p>\n<p>[\/et_pb_text][\/et_pb_column][et_pb_column type=&#8221;1_2&#8243;][et_pb_text admin_label=&#8221;Text&#8221; background_layout=&#8221;light&#8221; text_orientation=&#8221;left&#8221; use_border_color=&#8221;off&#8221; border_color=&#8221;#ffffff&#8221; border_style=&#8221;solid&#8221;]<\/p>\n<p><span style=\"text-decoration: underline;\"><strong>Chamber membership:<\/strong> <\/span><br \/>\nTyrol Chamber of Commerce<\/p>\n<p><strong><span style=\"text-decoration: underline;\">VAT number: <\/span><\/strong><br \/>\nATU70044409<\/p>\n<p><span style=\"text-decoration: underline;\"><strong>Supervisory authorities:<\/strong> <\/span><br \/>\nLandeck<\/p>\n<p>[\/et_pb_text][\/et_pb_column][\/et_pb_row][et_pb_row admin_label=&#8221;Zeile&#8221;][et_pb_column type=&#8221;4_4&#8243;][et_pb_toggle admin_label=&#8221;PHOTOS&#8221; title=&#8221;PHOTOS&#8221; open=&#8221;off&#8221; use_border_color=&#8221;off&#8221; border_color=&#8221;#ffffff&#8221; border_style=&#8221;solid&#8221; title_text_color=&#8221;#b6985a&#8221; saved_tabs=&#8221;all&#8221;]<\/p>\n<p><a href=\"https:\/\/www.ninahintringer.com\/\">Nina\u00a0Hintringer Photography<\/a><\/p>\n<p>[\/et_pb_toggle][et_pb_toggle admin_label=&#8221;HAFTUNGSAUSSCHLUSS&#8221; title=&#8221;LIABILITY &amp; DISCLAIMER&#8221; open=&#8221;off&#8221; use_border_color=&#8221;off&#8221; border_color=&#8221;#ffffff&#8221; border_style=&#8221;solid&#8221; title_text_color=&#8221;#b6985a&#8221; saved_tabs=&#8221;all&#8221;]<\/p>\n<p><strong>Responsibility for content<\/strong><br \/>\nThe contents of our site have been compiled with a great deal of care. However, we assume no liability for the accuracy, completeness and topicality of the contents. As a service provider, we are responsible for our own content on this site, in accordance with general law. As a service provider, we are however not obliged to monitor third-party information which is provided or stored on our site or to investigate circumstances suggesting illegal activity. Any obligations to remove or block the use of information in accordance with general legislation remain unaffected by this. Any liability in this respect is however only incurred from the time any specific infringement is acknowledged. When infringements such as this come to light we will remove the content forthwith.<\/p>\n<p><strong>Responsibility for links<\/strong><br \/>\nOur offer contains links to external, third party websites, upon whose content we have no influence. We are therefore unable to assume any liability for this third-party content. Respective suppliers and operators of these sites are responsible for the contents of these linked sites. Linked sites have been checked at the time of link-setting for any possible legal infringements. No unlawful content was ascertained at the time the link was set up. However, without concrete evidence of legal infringement, the permanent inspection of content of linked sites cannot be deemed reasonable. As soon as we become aware of any legal infringements any such links will be immediately removed.<\/p>\n<p><strong>Copyright law<\/strong><br \/>\nThe content and works on these pages provided by site operators is subject to German copyright law. Reproduction, processing, distribution and any kind of use beyond the scope of copyright law requires written consent from the respective author or creator. Downloads and copies of this site are only permitted for private, non-commercial use. In as far as the contents of this site have not been compiled by the operator, the copyrights of third parties are respected. In spite of this, should you become aware of any copyright infringement, we would ask you to let us know. When we become aware of any copyright infringements we will remove any such contents forthwith.<\/p>\n<p><strong>Data protection<\/strong><br \/>\nOur website can as general rule be used without having to provide any personal details. When personal details (for instance name, address and e-mail addresses) are collected on our site, this is always done, as far as is possible, on a voluntary basis. These details will not be forwarded to third parties without your express consent.<\/p>\n<p>We would draw your attention to the fact that data transfer on the Internet (e.g. during communication by e-mail) may involve gaps in security. It is not possible to fully protect data from being accessed by third parties.<\/p>\n<p>The use of contact details published within the context of legal information obligations by third parties for the sending of advertising and information material which has not been requested, is prohibited. The site operators expressly reserve the right to take legal action in the event of any unsolicited advertising information being forwarded, via spam mails for instance.<\/p>\n<p>[\/et_pb_toggle][et_pb_toggle admin_label=&#8221;GOOGLE ANALYTICS&#8221; title=&#8221;GOOGLE ANALYTICS&#8221; open=&#8221;off&#8221; use_border_color=&#8221;off&#8221; border_color=&#8221;#ffffff&#8221; border_style=&#8221;solid&#8221; title_text_color=&#8221;#b6985a&#8221; saved_tabs=&#8221;all&#8221;]<\/p>\n<p>This website uses Google Analytics, a web analysis service from Google Inc. (&#8220;Google&#8221;). Google Analytics uses so-called &#8220;cookies&#8221;, texts, which are stored on your computer to help the website analyse how users use the website. The information that the cookie generates on your use of this website will generally be transferred to and stored on a Google server in the USA.<\/p>\n<p>Google will use this information on behalf of the operator of this website in order to evaluate your use of the website, to compile reports on the website activities and in order to provide the website operator with more services connected with the use of the website and the Internet. Google may also transfer this information to third parties where required to do so by law, or where third parties process this data on behalf of Google. Google will not associate your IP address with any other data held by Google Inc.<\/p>\n<p>You can prevent the storage of cookies by the respective setting on your browser software; we would however point out that you will not in this case be able to use all of this website\u2019s functions. You can also prevent Google from downloading, installing and processing the recording of the data created by the cookie and relating to your use of the data (incl. your IP address) by downloading and installing the browser plug-in via the following link: <a href=\"http:\/\/tools.google.com\/dlpage\/gaoptout?hl=de\">http:\/\/tools.google.com\/dlpage\/gaoptout?hl=de<\/a>.<\/p>\n<p>[\/et_pb_toggle][et_pb_toggle admin_label=&#8221;FACEBOOK&#8221; title=&#8221;FACEBOOK&#8221; open=&#8221;off&#8221; use_border_color=&#8221;off&#8221; border_color=&#8221;#ffffff&#8221; border_style=&#8221;solid&#8221; title_text_color=&#8221;#b6985a&#8221; saved_tabs=&#8221;all&#8221;]<\/p>\n<p>Plug-ins for the social network Facebook, 1601 South California Avenue, Palo Alto, CA 94304, USA are integrated on our site. Facebook plug-ins can be recognised by the Facebook logo or the &#8220;Like&#8221; button on our site. An overview dealing with Facebook plug-ins is available here:<a href=\"http:\/\/developers.facebook.com\/docs\/plugins\/\" target=\"_blank\" rel=\"noopener noreferrer\">http:\/\/developers.facebook.com\/docs\/plugins\/<\/a>.<\/p>\n<p>When you visit our site, the plug-in creates a direct connection between your browser and the Facebook server. From this Facebook receives information via your IP address that you have visited our site. If you click the Facebook &#8220;Like &#8221; button when you are logged-in to your Facebook account, you can link the contents of our pages to your Facebook profile. Through this, Facebook can then attribute your visit to our site to your user account. We would like to point out that as a provider of these pages we receive no knowledge of the content of the data supplied, or their use by Facebook.<\/p>\n<p>Further information on this matter is available in the Facebook data protection policy at:\u00a0<a href=\"http:\/\/de-de.facebook.com\/policy.php\" target=\"_blank\" rel=\"noopener noreferrer\">http:\/\/de-de.facebook.com\/policy.php<\/a><br \/>\nIf you do not wish Facebook to be able to attribute your visit to our sites, please log out of your Facebook user account.<\/p>\n<p>[\/et_pb_toggle][et_pb_toggle admin_label=&#8221;TWITTER&#8221; title=&#8221;TWITTER&#8221; open=&#8221;off&#8221; use_border_color=&#8221;off&#8221; border_color=&#8221;#ffffff&#8221; border_style=&#8221;solid&#8221; title_text_color=&#8221;#b6985a&#8221; saved_tabs=&#8221;all&#8221;]<\/p>\n<div>Twitter functions are integrated on our site. These functions are provided by Twitter Inc., 795 Folsom St., Suite 600, San Francisco, CA 94107, USA. By using Twitter and the &#8220;re-tweet&#8221; function, the websites visited by you will be connected with your Twitter account and will be visible to other users. Data will also be transferred to Twitter.\u00a0We should point out that as a provider of these pages we receive no information about the content of the data transferred and its use by Twitter.<\/div>\n<div>\n<p>Additional information about Twitter\u2019s data protection statement can be seen at: <a href=\"http:\/\/twitter.com\/privacy\" target=\"_blank\" rel=\"noopener noreferrer\">http:\/\/twitter.com\/privacy<\/a>.<br \/>\nYou can change your data protection settings on in your account settings at:<a href=\"http:\/\/twitter.com\/account\/settings\" target=\"_blank\" rel=\"noopener noreferrer\">http:\/\/twitter.com\/account\/settings<\/a><\/p>\n<\/div>\n<p>[\/et_pb_toggle][et_pb_toggle admin_label=&#8221;GOOGLE+&#8221; title=&#8221;GOOGLE+&#8221; open=&#8221;off&#8221; use_border_color=&#8221;off&#8221; border_color=&#8221;#ffffff&#8221; border_style=&#8221;solid&#8221; title_text_color=&#8221;#b6985a&#8221; saved_tabs=&#8221;all&#8221;]<\/p>\n<div><em>Recording and passing on of information<\/em><\/div>\n<div>\n<p>With the help of Google +1-push button, you can publish information all over the world. Via the Google +1-push button, you and other users will receive personalized content from Google and our partners. Google stores both the information that you have provided for +1 content and also information via the site that you have viewed by clicking on +1. Your +1 can be included as references together with your profile name and your photo in Google services, such as in search results or in your Google profile or in other places in the websites and advertisements on the Internet.<\/p>\n<\/div>\n<div>Google lists information on your +1 activity in order to improve the Google services for you and others. In order to be able to use the Google +1 push button, you will need a globally visible, public Google profile, which must at least contain the name chosen for the profile. This name will be used in all Google services. In many cases, this name can also replace another name that you have used with parts of the contents via your Google account. The identity of the Google profile can be displayed to users who know your e-mail address or who have other identifying information on you.<\/div>\n<div><\/div>\n<div><strong>Use of the information recorded<\/strong><\/div>\n<div>As well as the purposes stated, the information you provide will be used in accordance with the current Google data protection regulations. Google publishes statistics that may have been compiled on the users\u2019 +1 activity and passes these on to users and partners such as the publisher, advertisers or linked websites.<\/div>\n<p>[\/et_pb_toggle][\/et_pb_column][\/et_pb_row][\/et_pb_section]<\/p>\n","protected":false},"excerpt":{"rendered":"<p>enjoy ischgl**** Fam. Pfeifer Waldhofweg\u00a014 6561 Ischgl \/\u00a0Austria Contact Web: www.enjoy-ischgl.at Mail: info@enjoy-ischgl.at Tel.: + 43\u00a05444 51251 Chamber membership: Tyrol Chamber of Commerce VAT number: ATU70044409 Supervisory authorities: Landeck Nina\u00a0Hintringer Photography Responsibility for content The contents of our site have been compiled with a great deal of care. However, we assume no liability for the [&hellip;]<\/p>\n","protected":false},"author":1,"featured_media":0,"parent":0,"menu_order":0,"comment_status":"closed","ping_status":"closed","template":"","meta":{"_et_pb_use_builder":"on","_et_pb_old_content":"[et_pb_section admin_label=\"section\"][et_pb_row admin_label=\"row\"][et_pb_column type=\"1_2\"][et_pb_text admin_label=\"Text\" background_layout=\"light\" text_orientation=\"left\" use_border_color=\"off\" border_color=\"#ffffff\" border_style=\"solid\"]\r\n<h4>enjoy ischgl****<\/h4>\r\nFam. Pfeifer\r\nWaldhofweg\u00a014\r\n6561 Ischgl \/\u00a0\u00d6sterreich\r\n\r\n[\/et_pb_text][et_pb_text admin_label=\"Text\" background_layout=\"light\" text_orientation=\"left\" use_border_color=\"off\" border_color=\"#ffffff\" border_style=\"solid\"]\r\n<h4>Kontakt<\/h4>\r\nWeb: <a href=\"https:\/\/www.enjoy-ischgl.at\">www.enjoy-ischgl.at<\/a>\r\nMail: <a href=\"mailto:info@enjoy-ischgl.at\">info@enjoy-ischgl.at<\/a>\r\nTel.: + 43 664 49 86 545\r\n\r\n[\/et_pb_text][\/et_pb_column][et_pb_column type=\"1_2\"][et_pb_text admin_label=\"Text\" background_layout=\"light\" text_orientation=\"left\" use_border_color=\"off\" border_color=\"#ffffff\" border_style=\"solid\"]\r\n\r\n<span style=\"text-decoration: underline;\"><strong>Kammerzugeh\u00f6rigkeit:<\/strong> <\/span>\r\nWirtschaftskammer Tirol\r\n\r\n<strong><span style=\"text-decoration: underline;\">UID-Nummer: <\/span><\/strong>\r\nATU70044409\r\n\r\n<span style=\"text-decoration: underline;\"><strong>Gerichtsstand:<\/strong> <\/span>\r\nLandeck\r\n\r\n[\/et_pb_text][\/et_pb_column][\/et_pb_row][et_pb_row admin_label=\"Zeile\"][et_pb_column type=\"4_4\"][et_pb_toggle admin_label=\"HAFTUNGSAUSSCHLUSS\" title=\"HAFTUNGSAUSSCHLUSS\" open=\"off\" title_font_size=\"16\" body_font_size=\"14\" use_border_color=\"off\" border_color=\"#ffffff\" border_style=\"solid\" title_text_color=\"#b6985a\" saved_tabs=\"all\"]\r\n<p class=\"bodytext\">Die bereitgestellten Informationen auf dieser Website werden sorgf\u00e4ltig gepr\u00fcft und regelm\u00e4\u00dfig aktualisiert. Es kann jedoch keine Garantie daf\u00fcr \u00fcbernommen werden, dass alle Angaben zu jeder Zeit vollst\u00e4ndig, richtig und in letzter Aktualit\u00e4t dargestellt sind. Dies gilt insbesondere f\u00fcr alle Links zu anderen Websites, auf die direkt oder indirekt verwiesen wird. Hiermit distanzieren wir uns ausdr\u00fccklich von allen Inhalten und Grafiken aller gelinkten Seiten und machen uns diese nicht zu Eigen. Au\u00dferdem k\u00f6nnen alle Angaben dieser Website ohne vorherige Ank\u00fcndigung erg\u00e4nzt, entfernt oder ge\u00e4ndert werden.<\/p>\r\n[\/et_pb_toggle][et_pb_toggle admin_label=\"GOOGLE ANALYTICS\" title=\"GOOGLE ANALYTICS\" open=\"off\" title_font_size=\"16\" body_font_size=\"14\" use_border_color=\"off\" border_color=\"#ffffff\" border_style=\"solid\" title_text_color=\"#b6985a\" saved_tabs=\"all\"]\r\n<p class=\"bodytext\">Diese Website benutzt Google Analytics, einen Webanalysedienst der Google Inc. (\"Google\"). Google Analytics verwendet sog. \"Cookies\", Textdateien, die auf Ihrem Computer bzw. Ihrem Mobilger\u00e4t gespeichert\u00a0werden und die eine Analyse der Benutzung der Website bzw. der App durch Sie erm\u00f6glicht. Die durch den Cookie erzeugten Informationen \u00fcber Ihre Benutzung dieser Website bzw. dieser App\u00a0(einschlie\u00dflich Ihrer IP-Adresse) wird an einen Server von Google in den USA \u00fcbertragen und dort gespeichert. Google wird diese Informationen benutzen, um Ihre Nutzung der Website bzw. der App\u00a0auszuwerten, um Reports \u00fcber die Website- bzw. Appaktivit\u00e4ten f\u00fcr die Seitenbetreiber zusammenzustellen und um weitere mit der Website- bzw. Appnutzung und der Internetnutzung verbundene Dienstleistungen zu erbringen. Auch wird Google diese Informationen gegebenenfalls an Dritte \u00fcbertragen, sofern dies gesetzlich vorgeschrieben oder soweit Dritte diese Daten im Auftrag von Google verarbeiten [Personen\/Unternehmen, die personenbezogene Daten im Auftrag von Google verarbeiten, sind keine Dritten!]. Google wird in keinem Fall Ihre IP-Adresse mit anderen Daten, die Google \u00fcber Sie gesammelt hat, in Verbindung bringen. Sie k\u00f6nnen die Installation der Cookies durch eine entsprechende Einstellung Ihrer Browser-Software verhindern; wir weisen Sie jedoch darauf hin, dass Sie in diesem Fall gegebenenfalls nicht s\u00e4mtliche Funktionen dieser Website bzw. dieser App\u00a0voll umf\u00e4nglich nutzen k\u00f6nnen. Durch die Nutzung dieser Website bzw. dieser App\u00a0erkl\u00e4ren Sie sich mit der Bearbeitung der \u00fcber Sie erhobenen Daten durch Google in der zuvor beschriebenen Art und Weise und zu dem zuvor benannten Zweck einverstanden.<\/p>\r\n[\/et_pb_toggle][et_pb_toggle admin_label=\"FACEBOOK\" title=\"FACEBOOK\" open=\"off\" title_font_size=\"16\" body_font_size=\"14\" use_border_color=\"off\" border_color=\"#ffffff\" border_style=\"solid\" title_text_color=\"#b6985a\" saved_tabs=\"all\"]\r\n\r\nAuf unserer\u00a0Website sind Plugins des sozialen Netzwerks Facebook, 1601 South California Avenue, Palo Alto, CA 94304, USA integriert. Die Facebook-Plugins erkennen Sie an dem Facebook-Logo oder dem \"Like-Button\" (\"Gef\u00e4llt mir\") auf unserer Seite. Eine \u00dcbersicht \u00fcber die Facebook-Plugins finden Sie hier:\u00a0<a href=\"http:\/\/developers.facebook.com\/docs\/plugins\/\" target=\"_blank\">http:\/\/developers.facebook.com\/docs\/plugins\/<\/a>.\r\n\r\nWenn Sie unsere Seiten besuchen, wird \u00fcber das Plugin eine direkte Verbindung zwischen Ihrem Browser und dem Facebook-Server hergestellt. Facebook erh\u00e4lt dadurch die Information, dass Sie mit Ihrer IP-Adresse unsere Seite besucht haben. Wenn Sie den Facebook \"Like-Button\" anklicken w\u00e4hrend Sie in Ihrem Facebook-Account eingeloggt sind, k\u00f6nnen Sie die Inhalte unserer Seiten auf Ihrem Facebook-Profil verlinken. Dadurch kann Facebook den Besuch unserer Seiten Ihrem Benutzerkonto zuordnen. Wir weisen darauf hin, dass wir als Anbieter der Seiten keine Kenntnis vom Inhalt der \u00fcbermittelten Daten sowie deren Nutzung durch Facebook erhalten.\r\n\r\nWeitere Informationen hierzu finden Sie in der Datenschutzerkl\u00e4rung von facebook unter <a href=\"http:\/\/de-de.facebook.com\/policy.php\" target=\"_blank\">http:\/\/de-de.facebook.com\/policy.php<\/a>\r\n\r\n[\/et_pb_toggle][et_pb_toggle admin_label=\"TWITTER\" title=\"TWITTER\" open=\"off\" title_font_size=\"16\" body_font_size=\"14\" use_border_color=\"off\" border_color=\"#ffffff\" border_style=\"solid\" title_text_color=\"#b6985a\" saved_tabs=\"all\"]\r\n\r\nAuf unseren Seiten sind Funktionen des Dienstes Twitter eingebunden. Diese Funktionen werden angeboten durch die Twitter Inc., 795 Folsom St., Suite 600, San Francisco, CA 94107, USA. Durch das Benutzen von Twitter und der Funktion \"Re-Tweet\" werden die von Ihnen besuchten Webseiten mit Ihrem Twitter-Account verkn\u00fcpft und anderen Nutzern bekannt gegeben. Dabei werden auch Daten an Twitter \u00fcbertragen.\r\n\r\nWir weisen darauf hin, dass wir als Anbieter der Seiten keine Kenntnis vom Inhalt der \u00fcbermittelten Daten sowie deren Nutzung durch Twitter erhalten. Weitere Informationen hierzu finden Sie in der Datenschutzerkl\u00e4rung von Twitter unter <a href=\"http:\/\/twitter.com\/privacy\" target=\"_blank\">http:\/\/twitter.com\/privacy\r\n<\/a>\r\nIhre Datenschutzeinstellungen bei Twitter k\u00f6nnen Sie in den Konto-Einstellungen unter <a href=\"http:\/\/twitter.com\/account\/settings\" target=\"_blank\">http:\/\/twitter.com\/account\/settings<\/a> \u00e4ndern.\r\n\r\n[\/et_pb_toggle][et_pb_toggle admin_label=\"GOOGLE+\" title=\"GOOGLE+\" open=\"off\" title_font_size=\"16\" body_font_size=\"14\" use_border_color=\"off\" border_color=\"#ffffff\" border_style=\"solid\" title_text_color=\"#b6985a\" saved_tabs=\"all\"]\r\n\r\nMithilfe der Google +1-Schaltfl\u00e4che k\u00f6nnen Sie Informationen weltweit ver\u00f6ffentlichen. \u00fcber die Google +1-Schaltfl\u00e4che erhalten Sie und andere Nutzer personalisierte Inhalte von Google und unseren Partnern. Google speichert sowohl die Information, dass Sie f\u00fcr einen Inhalt +1 gegeben haben, als auch Informationen \u00fcber die Seite, die Sie beim Klicken auf +1 angesehen haben. Ihre +1 k\u00f6nnen als Hinweise zusammen mit Ihrem Profilnamen und Ihrem Foto in Google-Diensten, wie etwa in Suchergebnissen oder in Ihrem Google-Profil, oder an anderen Stellen auf Websites und Anzeigen im Internet eingeblendet werden.\r\n\r\nGoogle zeichnet Informationen \u00fcber Ihre +1-Aktivit\u00e4ten auf, um die Google-Dienste f\u00fcr Sie und andere zu verbessern. Um die Google +1-Schaltfl\u00e4che verwenden zu k\u00f6nnen, ben\u00f6tigen Sie ein weltweit sichtbares, \u00f6ffentliches Google-Profil, das zumindest den f\u00fcr das Profil gew\u00e4hlten Namen enthalten muss. Dieser Name wird in allen Google-Diensten verwendet. In manchen F\u00e4llen kann dieser Name auch einen anderen Namen ersetzen, den Sie beim Teilen von Inhalten \u00fcber Ihr Google-Konto verwendet haben. Die Identit\u00e4t Ihres Google-Profils kann Nutzern angezeigt werden, die Ihre E-Mail-Adresse kennen oder \u00fcber andere identifizierende Informationen von Ihnen verf\u00fcgen.\r\n\r\n<em><strong>Verwendung der erfassten Informationen:<\/strong><\/em>\r\nNeben den oben erl\u00e4uterten Verwendungszwecken werden die von Ihnen bereitgestellten Informationen gem\u00e4\u00df den geltenden Google-Datenschutzbestimmungen genutzt. Google ver\u00f6ffentlicht m\u00f6glicherweise zusammengefasste Statistiken \u00fcber die +1-Aktivit\u00e4ten der Nutzer bzw. gibt diese an Nutzer und Partner weiter, wie etwa Publisher, Inserenten oder verbundene Websites.\r\n\r\n[\/et_pb_toggle][\/et_pb_column][\/et_pb_row][\/et_pb_section]","_et_gb_content_width":"","footnotes":""},"class_list":["post-1869","page","type-page","status-publish","hentry"],"_links":{"self":[{"href":"https:\/\/www.enjoy-ischgl.at\/en\/wp-json\/wp\/v2\/pages\/1869","targetHints":{"allow":["GET"]}}],"collection":[{"href":"https:\/\/www.enjoy-ischgl.at\/en\/wp-json\/wp\/v2\/pages"}],"about":[{"href":"https:\/\/www.enjoy-ischgl.at\/en\/wp-json\/wp\/v2\/types\/page"}],"author":[{"embeddable":true,"href":"https:\/\/www.enjoy-ischgl.at\/en\/wp-json\/wp\/v2\/users\/1"}],"replies":[{"embeddable":true,"href":"https:\/\/www.enjoy-ischgl.at\/en\/wp-json\/wp\/v2\/comments?post=1869"}],"version-history":[{"count":12,"href":"https:\/\/www.enjoy-ischgl.at\/en\/wp-json\/wp\/v2\/pages\/1869\/revisions"}],"predecessor-version":[{"id":2235,"href":"https:\/\/www.enjoy-ischgl.at\/en\/wp-json\/wp\/v2\/pages\/1869\/revisions\/2235"}],"wp:attachment":[{"href":"https:\/\/www.enjoy-ischgl.at\/en\/wp-json\/wp\/v2\/media?parent=1869"}],"curies":[{"name":"wp","href":"https:\/\/api.w.org\/{rel}","templated":true}]}}